{"id":14,"date":"2014-04-04T09:27:07","date_gmt":"2014-04-04T09:27:07","guid":{"rendered":"http:\/\/demo.themegrill.com\/spacious-pro\/?page_id=14"},"modified":"2021-12-15T10:49:31","modified_gmt":"2021-12-15T16:49:31","slug":"unlimited-colors","status":"publish","type":"page","link":"https:\/\/bibliocies.unan.edu.ni\/?page_id=14","title":{"rendered":"Base de datos de acceso libre"},"content":{"rendered":"<blockquote><p>El Sistema Bibliotecario de la UNAN-Managua pone a disposici\u00f3n para los usuarios, el acceso a Bases de Datos Libres on-line para consulta en texto completo de diferentes \u00e1reas:<\/p><\/blockquote>\n<p><!--more--><\/p>\n<p><strong>Repositorio Universitario de Nicaragua:<\/strong> El repositorio es una herramienta de acceso abierto impulsada por el Consejo Nacional de Universidades (CNU) cuyo objetivo es ofrecer acceso en l\u00ednea a la producci\u00f3n acad\u00e9mica y cient\u00edfica nacional como un insumo crucial para el desarrollo cient\u00edfico y tecnol\u00f3gico del pa\u00eds y por ello su visibilidad y acceso debe ser prioritaria.<\/p>\n<p><a href=\"http:\/\/repositorio.cnu.edu.ni\/\">http:\/\/repositorio.cnu.edu.ni\/<\/a><\/p>\n<p>&nbsp;<\/p>\n<p><strong>World Digital Library:<\/strong> Reproduce lo que tienen todas las Bibliotecas del mundo, y no s\u00f3lo libros, sino tambi\u00e9n documentos, textos, pel\u00edculas y mapas (incluso antiguos).<\/p>\n<p><a href=\"https:\/\/www.wdl.org\/es\/\">https:\/\/www.wdl.org\/es\/<\/a><\/p>\n<p>&nbsp;<\/p>\n<p><strong>The New England Journal of Medicine:<\/strong> Es una revista m\u00e9dica con sistema revisi\u00f3n por pares (peer-review) publicada por la Sociedad M\u00e9dica de Massachusetts (Massachusetts Medical Society).<\/p>\n<p><a href=\"http:\/\/www.nejm.org\/\">http:\/\/www.nejm.org\/<\/a><\/p>\n<p>&nbsp;<\/p>\n<p><strong>British Medical Journal:<\/strong> Se extiende a partir de la publicaci\u00f3n y la educaci\u00f3n m\u00e9dica de apoyo a la decisi\u00f3n cl\u00ednica y la mejora de la calidad para mejorar d\u00eda a d\u00eda la toma de decisiones y la prestaci\u00f3n de asistencia sanitaria.<\/p>\n<p><a href=\"http:\/\/www.bmj.com\/\">http:\/\/www.bmj.com\/<\/a><\/p>\n<p>&nbsp;<\/p>\n<p><strong>Alianza de Servicios de Informaci\u00f3n y Documentaci\u00f3n Agropecuaria de las Am\u00e9ricas:<\/strong> La alianza SIDALC facilita el acceso a la informaci\u00f3n producida en las Am\u00e9ricas que se encuentra debidamente organizada en Instituciones Agr\u00edcolas, sus bibliotecas y otros centros de informaci\u00f3n relacionados.\u00a0 Pone a disposici\u00f3n cerca de 2,9 millones de referencias, entre ellos libros, revistas, tesis e informes, as\u00ed como m\u00e1s de 252.000 documentos a texto completo.<\/p>\n<p><a href=\"http:\/\/www.sidalc.net\/es\">http:\/\/www.sidalc.net\/es<\/a><\/p>\n<p>&nbsp;<\/p>\n<p><strong>Research4Life:<\/strong>\u00a0 nombre colectivo para los cinco programas: HINARI, AGORA, OARE, ARDI y GOALI \u2013 que proporciona a los pa\u00edses en desarrollo con el costo de acceso gratuito o de bajo contenido en l\u00ednea al acad\u00e9mico y profesional revisada por pares.<\/p>\n<p><a href=\"http:\/\/login.research4life.org\/tacgw\/AppPortal\/\">http:\/\/login.research4life.org\/tacgw\/AppPortal\/<\/a><\/p>\n<p>&nbsp;<\/p>\n<p><strong>Dialnet:<\/strong>\u00a0 se construye en un amplio y activo marco de cooperaci\u00f3n bibliotecaria. Es una cooperaci\u00f3n abierta que apuesta por crear productos y servicios electr\u00f3nicos que satisfagan de la mejor manera posible las necesidades de los usuarios.<\/p>\n<p><a href=\"https:\/\/dialnet.unirioja.es\/\">https:\/\/dialnet.unirioja.es\/<\/a><\/p>\n<p>&nbsp;<\/p>\n<p><strong>Redalyc:<\/strong> Red de Revistas Cient\u00edficas de Am\u00e9rica Latina y el Caribe, Espa\u00f1a y Portugal.<\/p>\n<p><a href=\"http:\/\/www.redalyc.org\/home.oa\">http:\/\/www.redalyc.org\/home.oa<\/a><\/p>\n<p>&nbsp;<\/p>\n<p><strong>The Directory\u00a0 of Open Access Journals:<\/strong> DOAJ es una lista de revistas de acceso abierto y pretende ser el punto de partida para todas las b\u00fasquedas de informaci\u00f3n de calidad, revisado el material es de libre acceso.<\/p>\n<p><a href=\"https:\/\/doaj.org\/\">https:\/\/doaj.org\/<\/a><\/p>\n<p>&nbsp;<\/p>\n<p><strong>HINARI:<\/strong> Programa Hinari establecido por la OMS, junto con los principales editores, permite a los pa\u00edses de bajos y medianos ingresos para acceder a una de las mayores colecciones del mundo de la literatura biom\u00e9dica y la salud. otros hasta 15.000 revistas (en 30 idiomas diferentes), hasta 47.000 libros electr\u00f3nicos, hasta 100 recursos de informaci\u00f3n est\u00e1n ahora disponibles para las instituciones de salud en m\u00e1s de 100 pa\u00edses, zonas y territorios que se benefician muchos miles de trabajadores de la salud e investigadores, y en gire, lo que contribuye a mejorar la salud mundial.<\/p>\n<p>Nota: Para utilizar la plataforma debe utilizar usuario y contrase\u00f1a, consulte a la extensi\u00f3n 5177 Biblioteca Central.<\/p>\n<p><a href=\"http:\/\/www.who.int\/hinari\/en\/\">http:\/\/www.who.int\/hinari\/en\/<\/a><\/p>\n<p>&nbsp;<\/p>\n<p><strong>BioMed Central:<\/strong> Dedicado a abrir la investigaci\u00f3n, que ahora publica m\u00e1s de 290 revistas revisadas por pares-calidad en Biolog\u00eda, Medicina Cl\u00ednica y de la Salud.<\/p>\n<p><a href=\"http:\/\/www.biomedcentral.com\/journals\">http:\/\/www.biomedcentral.com\/journals<\/a><\/p>\n<p>&nbsp;<\/p>\n<p><strong>Diccionarios<\/strong> especializados y glosarios en varios idiomas.<\/p>\n<p><a href=\"http:\/\/www.elcastellano.org\/diccio.html\">http:\/\/www.elcastellano.org\/diccio.html<\/a><\/p>\n<p>&nbsp;<\/p>\n<p><strong>SCIELO:<\/strong> Scientific Electronic Library Online: Es una Biblioteca virtual para Latinoam\u00e9rica, el Caribe, Espa\u00f1a y Portugal. Proporciona acceso completo a una colecci\u00f3n de revistas cient\u00edficas de distintos pa\u00edses que est\u00e1n vinculados a este proyecto.<\/p>\n<p><a href=\"http:\/\/www.scielo.org\/php\/index.php?lang=es\">http:\/\/www.scielo.org\/php\/index.php?lang=es<\/a><\/p>\n<p>&nbsp;<\/p>\n<p><strong>MEDSCAPE:<\/strong>\u00a0 Base datos que aporta a los m\u00e9dicos y a los profesionales de la salud una fuente de informaci\u00f3n cl\u00ednica de gran inter\u00e9s para los pacientes y la pr\u00e1ctica cl\u00ednica. Cualquier usuario puede registrarse de manera gratuita.<\/p>\n<p><a href=\"http:\/\/www.medscape.com\/\">http:\/\/www.medscape.com\/<\/a><\/p>\n<p>Nota: Para utilizar la plataforma debe registrarse y es de forma gratuita.<\/p>\n<p>&nbsp;<\/p>\n<p><strong>ABACO<\/strong> es un proyecto social sin fines de lucro que promueve la educaci\u00f3n alternativa popular desde el paradigma vital-esencial de la \u2018cooperaci\u00f3n genuina\u2019.<\/p>\n<p><a href=\"http:\/\/abacoenred.com\/\">Enlace<\/a><\/p>\n","protected":false},"excerpt":{"rendered":"<div class='heateorSssClear'><\/div><div  class='heateor_sss_sharing_container heateor_sss_horizontal_sharing' data-heateor-sss-href='https:\/\/bibliocies.unan.edu.ni\/?page_id=14'><div class='heateor_sss_sharing_title' style=\"font-weight:bold\" ><\/div><div class=\"heateor_sss_sharing_ul\"><a aria-label=\"Facebook\" class=\"heateor_sss_facebook\" href=\"https:\/\/www.facebook.com\/sharer\/sharer.php?u=https%3A%2F%2Fbibliocies.unan.edu.ni%2Findex.php%3Frest_route%3D%252Fwp%252Fv2%252Fpages%252F14\" title=\"Facebook\" rel=\"nofollow noopener\" target=\"_blank\" style=\"font-size:32px!important;box-shadow:none;display:inline-block;vertical-align:middle\"><span class=\"heateor_sss_svg\" style=\"background-color:#0765FE;width:35px;height:35px;border-radius:999px;display:inline-block;opacity:1;float:left;font-size:32px;box-shadow:none;display:inline-block;font-size:16px;padding:0 4px;vertical-align:middle;background-repeat:repeat;overflow:hidden;padding:0;cursor:pointer;box-sizing:content-box\"><svg style=\"display:block;border-radius:999px;\" focusable=\"false\" aria-hidden=\"true\" xmlns=\"http:\/\/www.w3.org\/2000\/svg\" width=\"100%\" height=\"100%\" viewBox=\"0 0 32 32\"><path fill=\"#fff\" d=\"M28 16c0-6.627-5.373-12-12-12S4 9.373 4 16c0 5.628 3.875 10.35 9.101 11.647v-7.98h-2.474V16H13.1v-1.58c0-4.085 1.849-5.978 5.859-5.978.76 0 2.072.15 2.608.298v3.325c-.283-.03-.775-.045-1.386-.045-1.967 0-2.728.745-2.728 2.683V16h3.92l-.673 3.667h-3.247v8.245C23.395 27.195 28 22.135 28 16Z\"><\/path><\/svg><\/span><\/a><a aria-label=\"Youtube\" class=\"heateor_sss_button_youtube\" href=\"\" title=\"Youtube\" rel=\"nofollow noopener\" target=\"_blank\" style=\"font-size:32px!important;box-shadow:none;display:inline-block;vertical-align:middle\"><span class=\"heateor_sss_svg heateor_sss_s__default heateor_sss_s_youtube\" style=\"background-color:red;width:35px;height:35px;border-radius:999px;display:inline-block;opacity:1;float:left;font-size:32px;box-shadow:none;display:inline-block;font-size:16px;padding:0 4px;vertical-align:middle;background-repeat:repeat;overflow:hidden;padding:0;cursor:pointer;box-sizing:content-box\"><svg style=\"display:block;border-radius:999px;\" focusable=\"false\" aria-hidden=\"true\" xmlns=\"http:\/\/www.w3.org\/2000\/svg\" width=\"100%\" height=\"100%\" viewBox=\"0 0 32 32\"><path fill=\"#fff\" d=\"M26.78 11.6s-.215-1.515-.875-2.183c-.837-.876-1.774-.88-2.204-.932-3.075-.222-7.693-.222-7.693-.222h-.01s-4.618 0-7.697.222c-.43.05-1.368.056-2.205.932-.66.668-.874 2.184-.874 2.184S5 13.386 5 15.166v1.67c0 1.78.22 3.56.22 3.56s.215 1.516.874 2.184c.837.875 1.936.85 2.426.94 1.76.17 7.48.22 7.48.22s4.623-.007 7.7-.23c.43-.05 1.37-.056 2.205-.932.66-.668.875-2.184.875-2.184s.22-1.78.22-3.56v-1.67c0-1.78-.22-3.56-.22-3.56zm-13.052 7.254v-6.18l5.944 3.1-5.944 3.08z\"><\/path><\/svg><\/span><\/a><a aria-label=\"Linkedin\" class=\"heateor_sss_button_linkedin\" href=\"https:\/\/www.linkedin.com\/sharing\/share-offsite\/?url=https%3A%2F%2Fbibliocies.unan.edu.ni%2Findex.php%3Frest_route%3D%252Fwp%252Fv2%252Fpages%252F14\" title=\"Linkedin\" rel=\"nofollow noopener\" target=\"_blank\" style=\"font-size:32px!important;box-shadow:none;display:inline-block;vertical-align:middle\"><span class=\"heateor_sss_svg heateor_sss_s__default heateor_sss_s_linkedin\" style=\"background-color:#0077b5;width:35px;height:35px;border-radius:999px;display:inline-block;opacity:1;float:left;font-size:32px;box-shadow:none;display:inline-block;font-size:16px;padding:0 4px;vertical-align:middle;background-repeat:repeat;overflow:hidden;padding:0;cursor:pointer;box-sizing:content-box\"><svg style=\"display:block;border-radius:999px;\" focusable=\"false\" aria-hidden=\"true\" xmlns=\"http:\/\/www.w3.org\/2000\/svg\" width=\"100%\" height=\"100%\" viewBox=\"0 0 32 32\"><path d=\"M6.227 12.61h4.19v13.48h-4.19V12.61zm2.095-6.7a2.43 2.43 0 0 1 0 4.86c-1.344 0-2.428-1.09-2.428-2.43s1.084-2.43 2.428-2.43m4.72 6.7h4.02v1.84h.058c.56-1.058 1.927-2.176 3.965-2.176 4.238 0 5.02 2.792 5.02 6.42v7.395h-4.183v-6.56c0-1.564-.03-3.574-2.178-3.574-2.18 0-2.514 1.7-2.514 3.46v6.668h-4.187V12.61z\" fill=\"#fff\"><\/path><\/svg><\/span><\/a><\/div><div class=\"heateorSssClear\"><\/div><\/div><div class='heateorSssClear'><\/div><p>El Sistema Bibliotecario de la UNAN-Managua pone a disposici\u00f3n para los usuarios, el acceso a Bases de Datos Libres on-line para consulta en texto completo de diferentes \u00e1reas:<\/p>\n","protected":false},"author":1,"featured_media":568,"parent":0,"menu_order":0,"comment_status":"open","ping_status":"open","template":"","meta":{"footnotes":""},"class_list":["post-14","page","type-page","status-publish","has-post-thumbnail","hentry","","tg-column-two"],"_links":{"self":[{"href":"https:\/\/bibliocies.unan.edu.ni\/index.php?rest_route=\/wp\/v2\/pages\/14","targetHints":{"allow":["GET"]}}],"collection":[{"href":"https:\/\/bibliocies.unan.edu.ni\/index.php?rest_route=\/wp\/v2\/pages"}],"about":[{"href":"https:\/\/bibliocies.unan.edu.ni\/index.php?rest_route=\/wp\/v2\/types\/page"}],"author":[{"embeddable":true,"href":"https:\/\/bibliocies.unan.edu.ni\/index.php?rest_route=\/wp\/v2\/users\/1"}],"replies":[{"embeddable":true,"href":"https:\/\/bibliocies.unan.edu.ni\/index.php?rest_route=%2Fwp%2Fv2%2Fcomments&post=14"}],"version-history":[{"count":25,"href":"https:\/\/bibliocies.unan.edu.ni\/index.php?rest_route=\/wp\/v2\/pages\/14\/revisions"}],"predecessor-version":[{"id":830,"href":"https:\/\/bibliocies.unan.edu.ni\/index.php?rest_route=\/wp\/v2\/pages\/14\/revisions\/830"}],"wp:featuredmedia":[{"embeddable":true,"href":"https:\/\/bibliocies.unan.edu.ni\/index.php?rest_route=\/wp\/v2\/media\/568"}],"wp:attachment":[{"href":"https:\/\/bibliocies.unan.edu.ni\/index.php?rest_route=%2Fwp%2Fv2%2Fmedia&parent=14"}],"curies":[{"name":"wp","href":"https:\/\/api.w.org\/{rel}","templated":true}]}}