{"id":16,"date":"2014-04-04T09:30:21","date_gmt":"2014-04-04T09:30:21","guid":{"rendered":"http:\/\/demo.themegrill.com\/spacious-pro\/?page_id=16"},"modified":"2020-07-04T15:50:38","modified_gmt":"2020-07-04T21:50:38","slug":"advanced-typography","status":"publish","type":"page","link":"https:\/\/bibliocies.unan.edu.ni\/?page_id=16","title":{"rendered":"Google Acad\u00e9mico"},"content":{"rendered":"<p>Buscador especializado de Internet, que indexa y rastrea todo tipo de documentaci\u00f3n.<\/p>\n<p><!--more--><\/p>\n<p>&nbsp;<\/p>\n<p><strong>\u00bfQu\u00e9 es Google Acad\u00e9mico?<\/strong><\/p>\n<blockquote><p>Es un buscador especializado de Internet, indexa y rastrea todo tipo de documentaci\u00f3n cient\u00edfica localizable en la Web, tanto referencias bibliogr\u00e1ficas como documentos \u00edntegros.<\/p><\/blockquote>\n<p>Despu\u00e9s de una b\u00fasqueda, a trav\u00e9s de Google Acad\u00e9mico, podemos:<\/p>\n<ul>\n<li>Encontrar datos, referencias de documentos (llamadas \u201ccitas\u201d en Google Acad\u00e9mico).<\/li>\n<li>Acceder en l\u00ednea a documentos \u00edntegros que est\u00e9n en Internet en acceso abierto.<\/li>\n<li>Acceder en l\u00ednea a documentos \u00edntegros de pago que est\u00e9n sufragados en el sitio donde consultamos.<\/li>\n<\/ul>\n<p><strong>\u00bfQu\u00e9 Localiza Google Acad\u00e9mico?<\/strong><\/p>\n<p>Google Acad\u00e9mico recoge much\u00edsima informaci\u00f3n y una tipolog\u00eda de documentos y contenidos sumamente variada:<\/p>\n<p>Art\u00edculos de revista: Revistas electr\u00f3nicas de editoriales cient\u00edficas y acad\u00e9micas y tambi\u00e9n de un origen heterog\u00e9neo.<\/p>\n<p>Materiales de congresos: Aparecidos en publicaciones cient\u00edficas, recogidos o rese\u00f1ados en Internet.<\/p>\n<p>E-prints: Trabajos cient\u00edficos depositados en acceso abierto en archivos institucionales y tem\u00e1ticos.<\/p>\n<p>Tesis y trabajos acad\u00e9micos: Materiales depositados en archivos acad\u00e9micos de universidades, etc.<\/p>\n<p>Libros: Informaci\u00f3n de libros de servicio Google Books ediciones en el mercado y disponibles en bibliotecas.<\/p>\n<p>Referencias o \u00abcitas\u00bb: De bases de datos cient\u00edficas p\u00fablicas y abiertas, o indexadas a partir de otros documentos.<\/p>\n<p>P\u00e1ginas acad\u00e9micas: Contenidos de webs de universidades, centros de ense\u00f1anza, institutos de investigaci\u00f3n, bibliotecas, etc.<\/p>\n<p>Si no es posible acceder en l\u00ednea al texto completo del documento, obtendremos en muchos casos un resumen o abstract del mismo, una rese\u00f1a o un sumario, o tal vez podamos hojear sus p\u00e1ginas (Google Books). Al menos contaremos con datos para localizar y conseguir el documento por otra v\u00eda (cat\u00e1logo de la Biblioteca, pr\u00e9stamo interbibliotecario).<\/p>\n<p>&nbsp;<\/p>\n<p><strong>\u00bfC\u00f3mo Buscar?<\/strong><\/p>\n<blockquote><p>Para mayor eficacia, interesa usar la pantalla de b\u00fasqueda avanzada, desde donde se puede:<\/p><\/blockquote>\n<ul>\n<li>Combinar t\u00e9rminos, buscar por frase.<\/li>\n<li>Buscar en todo o en el t\u00edtulo del documento.<\/li>\n<li>Buscar por autores de los documentos.<\/li>\n<li>Limitar el rastreo por a\u00f1os de publicaci\u00f3n.<\/li>\n<li>Google Acad\u00e9mico ordena los resultados por relevancia en relaci\u00f3n a la b\u00fasqueda, que tiene en cuenta tambi\u00e9n las citas recibidas, a cuyos datos facilita enlace.<\/li>\n<li>Es posible restringir los resultados por fechas despu\u00e9s de buscar.<\/li>\n<li>Se pueden ver art\u00edculos relacionados y las diferentes versiones de un documento.<\/li>\n<li>Se pueden exportar referencias a varios gestores bibliogr\u00e1ficos (RefWorks, EndNote, etc.) y tambi\u00e9n generar referencias en estilo APA, ISO 690 y MLA.<\/li>\n<\/ul>\n<p>&nbsp;<\/p>\n<p><strong>Otras presentaciones de Google Acad\u00e9mico<\/strong><\/p>\n<ul>\n<li>Men\u00fa<\/li>\n<li>Personalizar el n\u00ba de resultados por p\u00e1gina, el gestor bibliogr\u00e1fico y otros detalles.<\/li>\n<li>Indicadores m\u00e9tricos para evaluar la repercusi\u00f3n de las revistas de investigaci\u00f3n.<\/li>\n<li>Recibir mediante correo electr\u00f3nico nuevas referencias sobre un tema de b\u00fasqueda.<\/li>\n<li>Previo registro en Google, recopilar y editar referencias personales seleccionadas.<\/li>\n<li>Crear, previo registro en Google, un perfil personal de citas recibidas como investigador.<\/li>\n<\/ul>\n<p>&nbsp;<\/p>\n<p><strong>Ventajas de Google Acad\u00e9mico<\/strong><\/p>\n<ul>\n<li>Focaliza nuestros rastreos de Internet en el \u00e1mbito de la documentaci\u00f3n cient\u00edfica.<\/li>\n<li>Tiene un alcance enorme, un gran poder para explorar y penetrar en los contenidos de la Red.<\/li>\n<li>Incluye bastante informaci\u00f3n en espa\u00f1ol, lo que resulta muy pr\u00e1ctico en muchas disciplinas.<\/li>\n<li>Es muy \u00fatil para buscar y para localizar documentos disponibles en acceso abierto en Internet.<\/li>\n<li>Es adecuado para extender o complementar b\u00fasquedas hechas en bases de datos cient\u00edficas.<\/li>\n<li>Es tambi\u00e9n interesante para rastrear documentos dif\u00edciles de identificar o localizar.<\/li>\n<\/ul>\n","protected":false},"excerpt":{"rendered":"<div class='heateorSssClear'><\/div><div  class='heateor_sss_sharing_container heateor_sss_horizontal_sharing' data-heateor-sss-href='https:\/\/bibliocies.unan.edu.ni\/?page_id=16'><div class='heateor_sss_sharing_title' style=\"font-weight:bold\" ><\/div><div class=\"heateor_sss_sharing_ul\"><a aria-label=\"Facebook\" class=\"heateor_sss_facebook\" href=\"https:\/\/www.facebook.com\/sharer\/sharer.php?u=https%3A%2F%2Fbibliocies.unan.edu.ni%2Findex.php%3Frest_route%3D%252Fwp%252Fv2%252Fpages%252F16\" title=\"Facebook\" rel=\"nofollow noopener\" target=\"_blank\" style=\"font-size:32px!important;box-shadow:none;display:inline-block;vertical-align:middle\"><span class=\"heateor_sss_svg\" style=\"background-color:#0765FE;width:35px;height:35px;border-radius:999px;display:inline-block;opacity:1;float:left;font-size:32px;box-shadow:none;display:inline-block;font-size:16px;padding:0 4px;vertical-align:middle;background-repeat:repeat;overflow:hidden;padding:0;cursor:pointer;box-sizing:content-box\"><svg style=\"display:block;border-radius:999px;\" focusable=\"false\" aria-hidden=\"true\" xmlns=\"http:\/\/www.w3.org\/2000\/svg\" width=\"100%\" height=\"100%\" viewBox=\"0 0 32 32\"><path fill=\"#fff\" d=\"M28 16c0-6.627-5.373-12-12-12S4 9.373 4 16c0 5.628 3.875 10.35 9.101 11.647v-7.98h-2.474V16H13.1v-1.58c0-4.085 1.849-5.978 5.859-5.978.76 0 2.072.15 2.608.298v3.325c-.283-.03-.775-.045-1.386-.045-1.967 0-2.728.745-2.728 2.683V16h3.92l-.673 3.667h-3.247v8.245C23.395 27.195 28 22.135 28 16Z\"><\/path><\/svg><\/span><\/a><a aria-label=\"Youtube\" class=\"heateor_sss_button_youtube\" href=\"\" title=\"Youtube\" rel=\"nofollow noopener\" target=\"_blank\" style=\"font-size:32px!important;box-shadow:none;display:inline-block;vertical-align:middle\"><span class=\"heateor_sss_svg heateor_sss_s__default heateor_sss_s_youtube\" style=\"background-color:red;width:35px;height:35px;border-radius:999px;display:inline-block;opacity:1;float:left;font-size:32px;box-shadow:none;display:inline-block;font-size:16px;padding:0 4px;vertical-align:middle;background-repeat:repeat;overflow:hidden;padding:0;cursor:pointer;box-sizing:content-box\"><svg style=\"display:block;border-radius:999px;\" focusable=\"false\" aria-hidden=\"true\" xmlns=\"http:\/\/www.w3.org\/2000\/svg\" width=\"100%\" height=\"100%\" viewBox=\"0 0 32 32\"><path fill=\"#fff\" d=\"M26.78 11.6s-.215-1.515-.875-2.183c-.837-.876-1.774-.88-2.204-.932-3.075-.222-7.693-.222-7.693-.222h-.01s-4.618 0-7.697.222c-.43.05-1.368.056-2.205.932-.66.668-.874 2.184-.874 2.184S5 13.386 5 15.166v1.67c0 1.78.22 3.56.22 3.56s.215 1.516.874 2.184c.837.875 1.936.85 2.426.94 1.76.17 7.48.22 7.48.22s4.623-.007 7.7-.23c.43-.05 1.37-.056 2.205-.932.66-.668.875-2.184.875-2.184s.22-1.78.22-3.56v-1.67c0-1.78-.22-3.56-.22-3.56zm-13.052 7.254v-6.18l5.944 3.1-5.944 3.08z\"><\/path><\/svg><\/span><\/a><a aria-label=\"Linkedin\" class=\"heateor_sss_button_linkedin\" href=\"https:\/\/www.linkedin.com\/sharing\/share-offsite\/?url=https%3A%2F%2Fbibliocies.unan.edu.ni%2Findex.php%3Frest_route%3D%252Fwp%252Fv2%252Fpages%252F16\" title=\"Linkedin\" rel=\"nofollow noopener\" target=\"_blank\" style=\"font-size:32px!important;box-shadow:none;display:inline-block;vertical-align:middle\"><span class=\"heateor_sss_svg heateor_sss_s__default heateor_sss_s_linkedin\" style=\"background-color:#0077b5;width:35px;height:35px;border-radius:999px;display:inline-block;opacity:1;float:left;font-size:32px;box-shadow:none;display:inline-block;font-size:16px;padding:0 4px;vertical-align:middle;background-repeat:repeat;overflow:hidden;padding:0;cursor:pointer;box-sizing:content-box\"><svg style=\"display:block;border-radius:999px;\" focusable=\"false\" aria-hidden=\"true\" xmlns=\"http:\/\/www.w3.org\/2000\/svg\" width=\"100%\" height=\"100%\" viewBox=\"0 0 32 32\"><path d=\"M6.227 12.61h4.19v13.48h-4.19V12.61zm2.095-6.7a2.43 2.43 0 0 1 0 4.86c-1.344 0-2.428-1.09-2.428-2.43s1.084-2.43 2.428-2.43m4.72 6.7h4.02v1.84h.058c.56-1.058 1.927-2.176 3.965-2.176 4.238 0 5.02 2.792 5.02 6.42v7.395h-4.183v-6.56c0-1.564-.03-3.574-2.178-3.574-2.18 0-2.514 1.7-2.514 3.46v6.668h-4.187V12.61z\" fill=\"#fff\"><\/path><\/svg><\/span><\/a><\/div><div class=\"heateorSssClear\"><\/div><\/div><div class='heateorSssClear'><\/div><p>Buscador especializado de Internet, que indexa y rastrea todo tipo de documentaci\u00f3n.<\/p>\n","protected":false},"author":1,"featured_media":566,"parent":0,"menu_order":0,"comment_status":"open","ping_status":"open","template":"","meta":{"footnotes":""},"class_list":["post-16","page","type-page","status-publish","has-post-thumbnail","hentry","","tg-column-two"],"_links":{"self":[{"href":"https:\/\/bibliocies.unan.edu.ni\/index.php?rest_route=\/wp\/v2\/pages\/16","targetHints":{"allow":["GET"]}}],"collection":[{"href":"https:\/\/bibliocies.unan.edu.ni\/index.php?rest_route=\/wp\/v2\/pages"}],"about":[{"href":"https:\/\/bibliocies.unan.edu.ni\/index.php?rest_route=\/wp\/v2\/types\/page"}],"author":[{"embeddable":true,"href":"https:\/\/bibliocies.unan.edu.ni\/index.php?rest_route=\/wp\/v2\/users\/1"}],"replies":[{"embeddable":true,"href":"https:\/\/bibliocies.unan.edu.ni\/index.php?rest_route=%2Fwp%2Fv2%2Fcomments&post=16"}],"version-history":[{"count":9,"href":"https:\/\/bibliocies.unan.edu.ni\/index.php?rest_route=\/wp\/v2\/pages\/16\/revisions"}],"predecessor-version":[{"id":584,"href":"https:\/\/bibliocies.unan.edu.ni\/index.php?rest_route=\/wp\/v2\/pages\/16\/revisions\/584"}],"wp:featuredmedia":[{"embeddable":true,"href":"https:\/\/bibliocies.unan.edu.ni\/index.php?rest_route=\/wp\/v2\/media\/566"}],"wp:attachment":[{"href":"https:\/\/bibliocies.unan.edu.ni\/index.php?rest_route=%2Fwp%2Fv2%2Fmedia&parent=16"}],"curies":[{"name":"wp","href":"https:\/\/api.w.org\/{rel}","templated":true}]}}