{"id":49,"date":"2014-04-04T16:43:20","date_gmt":"2014-04-04T16:43:20","guid":{"rendered":"http:\/\/demo.themegrill.com\/spacious-pro\/?page_id=49"},"modified":"2026-01-06T10:42:02","modified_gmt":"2026-01-06T16:42:02","slug":"awesome-photography","status":"publish","type":"page","link":"https:\/\/bibliocies.unan.edu.ni\/?page_id=49","title":{"rendered":"Gestores Bibliogr\u00e1ficos"},"content":{"rendered":"<p><span style=\"font-family: Times New Roman, serif;\"><span style=\"font-size: medium;\"><span style=\"color: #666666;\"><span style=\"font-family: Lato, serif;\">Permiten automatizar la generaci\u00f3n de citas y bibliograf\u00edas y presentarlas en diversos estilos bibliogr\u00e1ficos.<\/span><\/span><\/span><\/span><\/p>\n<p><span style=\"font-family: Times New Roman, serif;\"><span style=\"font-size: medium;\"><span style=\"color: #666666;\"><span style=\"font-family: Lato, serif;\"><img fetchpriority=\"high\" decoding=\"async\" class=\"size-medium wp-image-587 alignleft\" src=\"https:\/\/bibliocies.unan.edu.ni\/wp-content\/uploads\/2020\/07\/mendeley-300x177.jpg\" alt=\"\" width=\"300\" height=\"177\" srcset=\"https:\/\/bibliocies.unan.edu.ni\/wp-content\/uploads\/2020\/07\/mendeley-300x177.jpg 300w, https:\/\/bibliocies.unan.edu.ni\/wp-content\/uploads\/2020\/07\/mendeley.jpg 594w\" sizes=\"(max-width: 300px) 100vw, 300px\" \/>Tienen forma de bases de datos personales porque cada persona crea, actualiza y mantiene su propia base de datos bibliogr\u00e1fica seg\u00fan sus necesidades. Las referencias bibliogr\u00e1ficas pueden introducirse en el programa de forma manual o bien de forma autom\u00e1tica desde diversas fuentes.<\/span><\/span><\/span><\/span><\/p>\n<blockquote><p><span style=\"font-family: Times New Roman, serif;\"><span style=\"font-size: medium;\"><span style=\"color: #666666;\"><span style=\"font-family: Lato, serif;\">La mayor parte de los gestores actuales permiten trabajar con procesadores de texto (Word, Open Office) e insertar en tus documentos citas y bibliograf\u00eda de forma automatizada.<\/span><\/span><\/span><\/span><\/p><\/blockquote>\n<p><span style=\"font-size: medium;\"><b><span style=\"color: #666666;\"><span style=\"font-family: inherit, serif;\"><span style=\"font-family: Times New Roman, serif;\">Qu\u00e9 puedes hacer con un gestor bibliogr\u00e1fico<\/span><\/span><\/span><\/b><\/span><\/p>\n<ul>\n<li><span style=\"color: #666666;\"><span style=\"font-family: inherit, serif;\">A\u00f1adir referencias manualmente e Importar referencias de diferentes fuentes: bases de datos en l\u00ednea, cat\u00e1logos de bibliotecas, archivos \u2026<\/span><\/span><\/li>\n<\/ul>\n<ul>\n<li><span style=\"color: #666666;\"><span style=\"font-family: inherit, serif;\">Organizar y gestionar tus referencias bibliogr\u00e1ficas.<\/span><\/span><\/li>\n<\/ul>\n<ul>\n<li><span style=\"color: #666666;\"><span style=\"font-family: inherit, serif;\">Exportar las referencias internas en forma de archivo, a otro gestor, etc.<\/span><\/span><\/li>\n<\/ul>\n<ul>\n<li><span style=\"color: #666666;\"><span style=\"font-family: inherit, serif;\">Organizar y gestionar tu bibliograf\u00eda<\/span><\/span><\/li>\n<\/ul>\n<ul>\n<li><span style=\"color: #666666;\"><span style=\"font-family: inherit, serif;\">Crear y redise\u00f1ar tu bibliograf\u00eda en numerosos formatos internacionales.<\/span><\/span><\/li>\n<\/ul>\n<ul>\n<li><span style=\"color: #666666;\"><span style=\"font-family: inherit, serif;\">Insertar citas y bibliograf\u00eda mientras est\u00e1s escribiendo un documento propio.<\/span><\/span><\/li>\n<\/ul>\n<ul>\n<li><span style=\"color: #666666;\"><span style=\"font-family: inherit, serif;\">Compartir con otros usuarios\/as las referencias bibliogr\u00e1ficas y la bibliograf\u00eda que consideres.<\/span><\/span><\/li>\n<\/ul>\n<blockquote><p><i style=\"color: #800000; font-size: medium;\"><span style=\"font-family: Times New Roman, serif;\">Mendeley es un sistema de gesti\u00f3n de referencias bibliogr\u00e1ficas, que permite organizar tanto la informaci\u00f3n bibliogr\u00e1fica, como adjuntar los documentos a texto completo. Funciona como un programa que se descarga y se ejecuta en ordenadores personales o en dispositivos m\u00f3viles, pero tambi\u00e9n como un servicio en l\u00ednea, a trav\u00e9s del cual se puede organizar y compartir la informaci\u00f3n bibliogr\u00e1fica con otros usuarios.<\/span><\/i><\/p><\/blockquote>\n<p><span style=\"color: #666666;\">\u00a0<\/span><\/p>\n<p><span style=\"font-size: medium;\"><span style=\"color: #0000ff;\"><a href=\"http:\/\/www.mendeley.com\/\"><span style=\"color: #00023d;\"><span style=\"font-family: inherit, serif;\"><span style=\"font-family: Times New Roman, serif;\">Acceso a Mendeley<\/span><\/span><\/span><\/a><\/span><\/span><\/p>\n<p><span style=\"font-size: medium;\"><span style=\"color: #0000ff;\"><a href=\"http:\/\/biblioteca.ucm.es\/data\/cont\/docs\/397-2013-12-12-guiadeusodemendeley2.pdf\"><span style=\"color: #00023d;\"><span style=\"font-family: inherit, serif;\"><span style=\"font-family: Times New Roman, serif;\">Gu\u00edas de uso<\/span><\/span><\/span><\/a><\/span><\/span><\/p>\n<p><span style=\"font-size: medium;\"><span style=\"color: #0000ff;\"><a href=\"https:\/\/www.mendeley.com\/download-mendeley-desktop\/\"><span style=\"color: #00023d;\"><span style=\"font-family: inherit, serif;\"><span style=\"font-family: Times New Roman, serif;\">Descarga de MendeleyDeskstop<\/span><\/span><\/span><\/a><\/span><\/span><\/p>\n<p><span style=\"font-size: medium;\"><b><span style=\"color: #666666;\"><span style=\"font-family: inherit, serif;\"><span style=\"font-family: Times New Roman, serif;\">Para mayor informaci\u00f3n y ayuda<\/span><\/span><\/span><\/b><\/span><\/p>\n<p><span style=\"font-family: Times New Roman, serif;\"><span style=\"font-size: medium;\"><span style=\"color: #666666;\"><span style=\"font-family: Lato, serif;\">Ante cualquier pregunta, no dude en ponerse en contacto con la Biblioteca a trav\u00e9s de:<\/span><\/span><\/span><\/span><\/p>\n<p><span style=\"font-size: medium;\"><b><span style=\"color: #666666;\"><span style=\"font-family: inherit, serif;\"><span style=\"font-family: Times New Roman, serif;\">Correo:<\/span><\/span><\/span><\/b><\/span><span style=\"font-size: medium;\"><span style=\"color: #666666;\"><span style=\"font-family: Lato, serif;\">\u00a0<\/span><span style=\"color: #0000ff;\"><a href=\"mailto:claudia.cortez@cies.unan.edu.ni\"><span style=\"color: #00023d;\"><span style=\"font-family: inherit, serif;\">claudia.cortez@cies.unan.edu.ni<\/span><\/span><\/a><\/span><\/span><\/span><\/p>\n<p><span style=\"font-size: medium;\"><b><span style=\"color: #666666;\"><span style=\"font-family: inherit, serif;\"><span style=\"font-family: Times New Roman, serif;\">Tel\u00e9fono:<\/span><\/span><\/span><\/b><\/span><span style=\"font-size: medium;\"><span style=\"color: #666666;\"><span style=\"font-family: Lato, serif;\"> (505) 22783700. Ext. : 8515<\/span><\/span><\/span><\/p>\n","protected":false},"excerpt":{"rendered":"<div class='heateorSssClear'><\/div><div  class='heateor_sss_sharing_container heateor_sss_horizontal_sharing' data-heateor-sss-href='https:\/\/bibliocies.unan.edu.ni\/?page_id=49'><div class='heateor_sss_sharing_title' style=\"font-weight:bold\" ><\/div><div class=\"heateor_sss_sharing_ul\"><a aria-label=\"Facebook\" class=\"heateor_sss_facebook\" href=\"https:\/\/www.facebook.com\/sharer\/sharer.php?u=https%3A%2F%2Fbibliocies.unan.edu.ni%2Findex.php%3Frest_route%3D%252Fwp%252Fv2%252Fpages%252F49\" title=\"Facebook\" rel=\"nofollow noopener\" target=\"_blank\" style=\"font-size:32px!important;box-shadow:none;display:inline-block;vertical-align:middle\"><span class=\"heateor_sss_svg\" style=\"background-color:#0765FE;width:35px;height:35px;border-radius:999px;display:inline-block;opacity:1;float:left;font-size:32px;box-shadow:none;display:inline-block;font-size:16px;padding:0 4px;vertical-align:middle;background-repeat:repeat;overflow:hidden;padding:0;cursor:pointer;box-sizing:content-box\"><svg style=\"display:block;border-radius:999px;\" focusable=\"false\" aria-hidden=\"true\" xmlns=\"http:\/\/www.w3.org\/2000\/svg\" width=\"100%\" height=\"100%\" viewBox=\"0 0 32 32\"><path fill=\"#fff\" d=\"M28 16c0-6.627-5.373-12-12-12S4 9.373 4 16c0 5.628 3.875 10.35 9.101 11.647v-7.98h-2.474V16H13.1v-1.58c0-4.085 1.849-5.978 5.859-5.978.76 0 2.072.15 2.608.298v3.325c-.283-.03-.775-.045-1.386-.045-1.967 0-2.728.745-2.728 2.683V16h3.92l-.673 3.667h-3.247v8.245C23.395 27.195 28 22.135 28 16Z\"><\/path><\/svg><\/span><\/a><a aria-label=\"Youtube\" class=\"heateor_sss_button_youtube\" href=\"\" title=\"Youtube\" rel=\"nofollow noopener\" target=\"_blank\" style=\"font-size:32px!important;box-shadow:none;display:inline-block;vertical-align:middle\"><span class=\"heateor_sss_svg heateor_sss_s__default heateor_sss_s_youtube\" style=\"background-color:red;width:35px;height:35px;border-radius:999px;display:inline-block;opacity:1;float:left;font-size:32px;box-shadow:none;display:inline-block;font-size:16px;padding:0 4px;vertical-align:middle;background-repeat:repeat;overflow:hidden;padding:0;cursor:pointer;box-sizing:content-box\"><svg style=\"display:block;border-radius:999px;\" focusable=\"false\" aria-hidden=\"true\" xmlns=\"http:\/\/www.w3.org\/2000\/svg\" width=\"100%\" height=\"100%\" viewBox=\"0 0 32 32\"><path fill=\"#fff\" d=\"M26.78 11.6s-.215-1.515-.875-2.183c-.837-.876-1.774-.88-2.204-.932-3.075-.222-7.693-.222-7.693-.222h-.01s-4.618 0-7.697.222c-.43.05-1.368.056-2.205.932-.66.668-.874 2.184-.874 2.184S5 13.386 5 15.166v1.67c0 1.78.22 3.56.22 3.56s.215 1.516.874 2.184c.837.875 1.936.85 2.426.94 1.76.17 7.48.22 7.48.22s4.623-.007 7.7-.23c.43-.05 1.37-.056 2.205-.932.66-.668.875-2.184.875-2.184s.22-1.78.22-3.56v-1.67c0-1.78-.22-3.56-.22-3.56zm-13.052 7.254v-6.18l5.944 3.1-5.944 3.08z\"><\/path><\/svg><\/span><\/a><a aria-label=\"Linkedin\" class=\"heateor_sss_button_linkedin\" href=\"https:\/\/www.linkedin.com\/sharing\/share-offsite\/?url=https%3A%2F%2Fbibliocies.unan.edu.ni%2Findex.php%3Frest_route%3D%252Fwp%252Fv2%252Fpages%252F49\" title=\"Linkedin\" rel=\"nofollow noopener\" target=\"_blank\" style=\"font-size:32px!important;box-shadow:none;display:inline-block;vertical-align:middle\"><span class=\"heateor_sss_svg heateor_sss_s__default heateor_sss_s_linkedin\" style=\"background-color:#0077b5;width:35px;height:35px;border-radius:999px;display:inline-block;opacity:1;float:left;font-size:32px;box-shadow:none;display:inline-block;font-size:16px;padding:0 4px;vertical-align:middle;background-repeat:repeat;overflow:hidden;padding:0;cursor:pointer;box-sizing:content-box\"><svg style=\"display:block;border-radius:999px;\" focusable=\"false\" aria-hidden=\"true\" xmlns=\"http:\/\/www.w3.org\/2000\/svg\" width=\"100%\" height=\"100%\" viewBox=\"0 0 32 32\"><path d=\"M6.227 12.61h4.19v13.48h-4.19V12.61zm2.095-6.7a2.43 2.43 0 0 1 0 4.86c-1.344 0-2.428-1.09-2.428-2.43s1.084-2.43 2.428-2.43m4.72 6.7h4.02v1.84h.058c.56-1.058 1.927-2.176 3.965-2.176 4.238 0 5.02 2.792 5.02 6.42v7.395h-4.183v-6.56c0-1.564-.03-3.574-2.178-3.574-2.18 0-2.514 1.7-2.514 3.46v6.668h-4.187V12.61z\" fill=\"#fff\"><\/path><\/svg><\/span><\/a><\/div><div class=\"heateorSssClear\"><\/div><\/div><div class='heateorSssClear'><\/div><p>Permiten automatizar la generaci\u00f3n de citas y bibliograf\u00edas y presentarlas en diversos estilos bibliogr\u00e1ficos. Tienen forma de bases de datos personales porque cada persona crea, actualiza y mantiene su propia base de datos bibliogr\u00e1fica seg\u00fan sus necesidades. Las referencias bibliogr\u00e1ficas<\/p>\n","protected":false},"author":1,"featured_media":587,"parent":0,"menu_order":0,"comment_status":"open","ping_status":"open","template":"","meta":{"footnotes":""},"class_list":["post-49","page","type-page","status-publish","has-post-thumbnail","hentry","","tg-column-two"],"_links":{"self":[{"href":"https:\/\/bibliocies.unan.edu.ni\/index.php?rest_route=\/wp\/v2\/pages\/49","targetHints":{"allow":["GET"]}}],"collection":[{"href":"https:\/\/bibliocies.unan.edu.ni\/index.php?rest_route=\/wp\/v2\/pages"}],"about":[{"href":"https:\/\/bibliocies.unan.edu.ni\/index.php?rest_route=\/wp\/v2\/types\/page"}],"author":[{"embeddable":true,"href":"https:\/\/bibliocies.unan.edu.ni\/index.php?rest_route=\/wp\/v2\/users\/1"}],"replies":[{"embeddable":true,"href":"https:\/\/bibliocies.unan.edu.ni\/index.php?rest_route=%2Fwp%2Fv2%2Fcomments&post=49"}],"version-history":[{"count":6,"href":"https:\/\/bibliocies.unan.edu.ni\/index.php?rest_route=\/wp\/v2\/pages\/49\/revisions"}],"predecessor-version":[{"id":704,"href":"https:\/\/bibliocies.unan.edu.ni\/index.php?rest_route=\/wp\/v2\/pages\/49\/revisions\/704"}],"wp:featuredmedia":[{"embeddable":true,"href":"https:\/\/bibliocies.unan.edu.ni\/index.php?rest_route=\/wp\/v2\/media\/587"}],"wp:attachment":[{"href":"https:\/\/bibliocies.unan.edu.ni\/index.php?rest_route=%2Fwp%2Fv2%2Fmedia&parent=49"}],"curies":[{"name":"wp","href":"https:\/\/api.w.org\/{rel}","templated":true}]}}