{"id":592,"date":"2020-07-04T16:30:53","date_gmt":"2020-07-04T22:30:53","guid":{"rendered":"https:\/\/bibliocies.unan.edu.ni\/?page_id=592"},"modified":"2022-06-10T09:06:41","modified_gmt":"2022-06-10T15:06:41","slug":"como-buscar","status":"publish","type":"page","link":"https:\/\/bibliocies.unan.edu.ni\/?page_id=592","title":{"rendered":"\u00bfC\u00f3mo buscar?"},"content":{"rendered":"<p><a href=\"http:\/\/wiki.bireme.org\/es\/index.php\/Informaci%C3%B3n_al_usuario#C.C3.B3mo_buscar_en_la_BVS\">C\u00f3mo buscar en la BVS<\/a><\/p>\n<p><a href=\"http:\/\/wiki.bireme.org\/es\/index.php\/Informaci%C3%B3n_al_usuario#C.C3.B3mo_consultar_los_descriptores_.28palabras-clave.29_en_la_salud.3F\">C\u00f3mo consultar los descriptores (palabras-clave) en la salud?<\/a><\/p>\n<p><a href=\"http:\/\/wiki.bireme.org\/es\/index.php\/Informaci%C3%B3n_al_usuario#.C2.BFCu.C3.A1les_son_las_ventajas_de_utilizar_BVS_para_acceder_a_la_base_de_datos_MEDLINE.3F\">\u00bfCu\u00e1les son las ventajas de utilizar BVS para acceder a la base de datos MEDLINE?<\/a><\/p>\n<p><a href=\"http:\/\/wiki.bireme.org\/es\/index.php\/Informaci%C3%B3n_al_usuario#Escrib.C3.AD_el_t.C3.A9rmino_en_espa.C3.B1ol.2C_los_resultados_de_b.C3.BAsqueda_recuperar.C3.A1n_solamente_art.C3.ADculos_en_este_idioma.3F\">Escrib\u00ed el t\u00e9rmino en espa\u00f1ol, los resultados de b\u00fasqueda recuperar\u00e1n solamente art\u00edculos en este idioma?<\/a><br \/>\n<a href=\"http:\/\/wiki.bireme.org\/es\/index.php\/Informaci%C3%B3n_al_usuario\" target=\"_blank\" rel=\"noopener noreferrer\">Mire m\u00e1s<\/a><\/p>\n<p>&nbsp;<\/p>\n<h2>Curso online<\/h2>\n<p><a href=\"https:\/\/cursos.campusvirtualsp.org\/course\/view.php?id=142\">Acceso y Uso de la Informaci\u00f3n en Ciencias de la Salud<\/a><\/p>\n<p>&nbsp;<\/p>\n<h2>Videos sobre c\u00f3mo buscar en la BVS<\/h2>\n<p>Video 1 &#8211;\u00a0<a class=\"external text\" href=\"http:\/\/youtu.be\/TsPXn9SSFWM\" rel=\"nofollow\">Recuperando informaci\u00f3n en el Portal de Investigaci\u00f3n de la BVS &#8211; \u00cdndice Regional<\/a><\/p>\n<p>Video 2 &#8211;\u00a0<a class=\"external text\" href=\"http:\/\/youtu.be\/TolFUyT5lAE\" rel=\"nofollow\">Consejos de b\u00fasqueda<\/a><\/p>\n<p>Video 3 &#8211;\u00a0<a class=\"external text\" href=\"http:\/\/youtu.be\/VyzucTwkrCI\" rel=\"nofollow\">Refinando la b\u00fasqueda<\/a><br \/>\n<iframe src=\"https:\/\/www.youtube.com\/embed\/0QByUHN3rEY\" width=\"560\" height=\"315\" frameborder=\"0\" allowfullscreen=\"allowfullscreen\"><span data-mce-type=\"bookmark\" style=\"display: inline-block; width: 0px; overflow: hidden; line-height: 0;\" class=\"mce_SELRES_start\">\ufeff<\/span><\/iframe><\/p>\n<h2>\u00a0<a href=\"http:\/\/wiki.bireme.org\/es\/index.php\/Tutorial_de_b%C3%BAsqueda\" target=\"_blank\" rel=\"noopener noreferrer\">Tutorial de b\u00fasqueda en la BVS<\/a><\/h2>\n<blockquote><p><a href=\"http:\/\/bvsalud.org\/wp-content\/uploads\/2016\/05\/Guia_rapida_es_2016.pdf\" target=\"_blank\" rel=\"noopener noreferrer\">Gu\u00eda r\u00e1pida de b\u00fasqueda en la BVS\u00a0<\/a><\/p>\n<p>&nbsp;<\/p><\/blockquote>\n","protected":false},"excerpt":{"rendered":"<div class='heateorSssClear'><\/div><div  class='heateor_sss_sharing_container heateor_sss_horizontal_sharing' data-heateor-sss-href='https:\/\/bibliocies.unan.edu.ni\/?page_id=592'><div class='heateor_sss_sharing_title' style=\"font-weight:bold\" ><\/div><div class=\"heateor_sss_sharing_ul\"><a aria-label=\"Facebook\" class=\"heateor_sss_facebook\" href=\"https:\/\/www.facebook.com\/sharer\/sharer.php?u=https%3A%2F%2Fbibliocies.unan.edu.ni%2Findex.php%3Frest_route%3D%252Fwp%252Fv2%252Fpages%252F592\" title=\"Facebook\" rel=\"nofollow noopener\" target=\"_blank\" style=\"font-size:32px!important;box-shadow:none;display:inline-block;vertical-align:middle\"><span class=\"heateor_sss_svg\" style=\"background-color:#0765FE;width:35px;height:35px;border-radius:999px;display:inline-block;opacity:1;float:left;font-size:32px;box-shadow:none;display:inline-block;font-size:16px;padding:0 4px;vertical-align:middle;background-repeat:repeat;overflow:hidden;padding:0;cursor:pointer;box-sizing:content-box\"><svg style=\"display:block;border-radius:999px;\" focusable=\"false\" aria-hidden=\"true\" xmlns=\"http:\/\/www.w3.org\/2000\/svg\" width=\"100%\" height=\"100%\" viewBox=\"0 0 32 32\"><path fill=\"#fff\" d=\"M28 16c0-6.627-5.373-12-12-12S4 9.373 4 16c0 5.628 3.875 10.35 9.101 11.647v-7.98h-2.474V16H13.1v-1.58c0-4.085 1.849-5.978 5.859-5.978.76 0 2.072.15 2.608.298v3.325c-.283-.03-.775-.045-1.386-.045-1.967 0-2.728.745-2.728 2.683V16h3.92l-.673 3.667h-3.247v8.245C23.395 27.195 28 22.135 28 16Z\"><\/path><\/svg><\/span><\/a><a aria-label=\"Youtube\" class=\"heateor_sss_button_youtube\" href=\"\" title=\"Youtube\" rel=\"nofollow noopener\" target=\"_blank\" style=\"font-size:32px!important;box-shadow:none;display:inline-block;vertical-align:middle\"><span class=\"heateor_sss_svg heateor_sss_s__default heateor_sss_s_youtube\" style=\"background-color:red;width:35px;height:35px;border-radius:999px;display:inline-block;opacity:1;float:left;font-size:32px;box-shadow:none;display:inline-block;font-size:16px;padding:0 4px;vertical-align:middle;background-repeat:repeat;overflow:hidden;padding:0;cursor:pointer;box-sizing:content-box\"><svg style=\"display:block;border-radius:999px;\" focusable=\"false\" aria-hidden=\"true\" xmlns=\"http:\/\/www.w3.org\/2000\/svg\" width=\"100%\" height=\"100%\" viewBox=\"0 0 32 32\"><path fill=\"#fff\" d=\"M26.78 11.6s-.215-1.515-.875-2.183c-.837-.876-1.774-.88-2.204-.932-3.075-.222-7.693-.222-7.693-.222h-.01s-4.618 0-7.697.222c-.43.05-1.368.056-2.205.932-.66.668-.874 2.184-.874 2.184S5 13.386 5 15.166v1.67c0 1.78.22 3.56.22 3.56s.215 1.516.874 2.184c.837.875 1.936.85 2.426.94 1.76.17 7.48.22 7.48.22s4.623-.007 7.7-.23c.43-.05 1.37-.056 2.205-.932.66-.668.875-2.184.875-2.184s.22-1.78.22-3.56v-1.67c0-1.78-.22-3.56-.22-3.56zm-13.052 7.254v-6.18l5.944 3.1-5.944 3.08z\"><\/path><\/svg><\/span><\/a><a aria-label=\"Linkedin\" class=\"heateor_sss_button_linkedin\" href=\"https:\/\/www.linkedin.com\/sharing\/share-offsite\/?url=https%3A%2F%2Fbibliocies.unan.edu.ni%2Findex.php%3Frest_route%3D%252Fwp%252Fv2%252Fpages%252F592\" title=\"Linkedin\" rel=\"nofollow noopener\" target=\"_blank\" style=\"font-size:32px!important;box-shadow:none;display:inline-block;vertical-align:middle\"><span class=\"heateor_sss_svg heateor_sss_s__default heateor_sss_s_linkedin\" style=\"background-color:#0077b5;width:35px;height:35px;border-radius:999px;display:inline-block;opacity:1;float:left;font-size:32px;box-shadow:none;display:inline-block;font-size:16px;padding:0 4px;vertical-align:middle;background-repeat:repeat;overflow:hidden;padding:0;cursor:pointer;box-sizing:content-box\"><svg style=\"display:block;border-radius:999px;\" focusable=\"false\" aria-hidden=\"true\" xmlns=\"http:\/\/www.w3.org\/2000\/svg\" width=\"100%\" height=\"100%\" viewBox=\"0 0 32 32\"><path d=\"M6.227 12.61h4.19v13.48h-4.19V12.61zm2.095-6.7a2.43 2.43 0 0 1 0 4.86c-1.344 0-2.428-1.09-2.428-2.43s1.084-2.43 2.428-2.43m4.72 6.7h4.02v1.84h.058c.56-1.058 1.927-2.176 3.965-2.176 4.238 0 5.02 2.792 5.02 6.42v7.395h-4.183v-6.56c0-1.564-.03-3.574-2.178-3.574-2.18 0-2.514 1.7-2.514 3.46v6.668h-4.187V12.61z\" fill=\"#fff\"><\/path><\/svg><\/span><\/a><\/div><div class=\"heateorSssClear\"><\/div><\/div><div class='heateorSssClear'><\/div><p>C\u00f3mo buscar en la BVS C\u00f3mo consultar los descriptores (palabras-clave) en la salud? \u00bfCu\u00e1les son las ventajas de utilizar BVS para acceder a la base de datos MEDLINE? Escrib\u00ed el t\u00e9rmino en espa\u00f1ol, los resultados de b\u00fasqueda recuperar\u00e1n solamente art\u00edculos<\/p>\n","protected":false},"author":1,"featured_media":0,"parent":0,"menu_order":0,"comment_status":"closed","ping_status":"closed","template":"","meta":{"footnotes":""},"class_list":["post-592","page","type-page","status-publish","hentry","","tg-column-two"],"_links":{"self":[{"href":"https:\/\/bibliocies.unan.edu.ni\/index.php?rest_route=\/wp\/v2\/pages\/592","targetHints":{"allow":["GET"]}}],"collection":[{"href":"https:\/\/bibliocies.unan.edu.ni\/index.php?rest_route=\/wp\/v2\/pages"}],"about":[{"href":"https:\/\/bibliocies.unan.edu.ni\/index.php?rest_route=\/wp\/v2\/types\/page"}],"author":[{"embeddable":true,"href":"https:\/\/bibliocies.unan.edu.ni\/index.php?rest_route=\/wp\/v2\/users\/1"}],"replies":[{"embeddable":true,"href":"https:\/\/bibliocies.unan.edu.ni\/index.php?rest_route=%2Fwp%2Fv2%2Fcomments&post=592"}],"version-history":[{"count":12,"href":"https:\/\/bibliocies.unan.edu.ni\/index.php?rest_route=\/wp\/v2\/pages\/592\/revisions"}],"predecessor-version":[{"id":839,"href":"https:\/\/bibliocies.unan.edu.ni\/index.php?rest_route=\/wp\/v2\/pages\/592\/revisions\/839"}],"wp:attachment":[{"href":"https:\/\/bibliocies.unan.edu.ni\/index.php?rest_route=%2Fwp%2Fv2%2Fmedia&parent=592"}],"curies":[{"name":"wp","href":"https:\/\/api.w.org\/{rel}","templated":true}]}}